{"id":38,"date":"2019-07-02T21:23:55","date_gmt":"2019-07-02T21:23:55","guid":{"rendered":"https:\/\/art2b.info\/?page_id=38"},"modified":"2025-09-23T14:28:04","modified_gmt":"2025-09-23T14:28:04","slug":"vita","status":"publish","type":"page","link":"https:\/\/art2b.info\/index.php\/wir-ueber-uns\/vita\/","title":{"rendered":"Vita"},"content":{"rendered":"<p>Zusatzqualifikation : Energieeffizienz-Planer-in: Wohngeb\u00e4ude<\/p>\n<p>Energieberater Wohngeb\u00e4ude (Akademie Bayerische Architektenkammer)<\/p>\n<p>Energieberater (Vor-Ort-Beratung) durch das Bundesamt f\u00fcr Ausfuhr- und Wirtschaftskontrolle (BAFA) sowie<\/p>\n<p>Antragsberechtigung bei F\u00f6rderprogrammen der Kreditanstalt f\u00fcr Wideraufbau (KfW- Effizienzh\u00e4user<\/p>\n<p>2020<\/p>\n<p>Vita Kristin Noichl-Scheyer Dipl.-Ing. (FH) Architektin BYAK 190.270<\/p>\n<p>2018<\/p>\n<p>Kammereintrag Bayerische Architektenkammer 190.270<\/p>\n<p>2014-2018<\/p>\n<p>Mitglied (ohne Stimmrecht) im Gestaltungsbeirat der Stadt Bochum<\/p>\n<p>2013<\/p>\n<p>B\u00fcrogr\u00fcndung Architekturb\u00fcro freis. ART2B Architekturb\u00fcro<\/p>\n<p>2011-2018<\/p>\n<p>Kammereintrag. Architektenkammer Nordrhein-Westfalen 101802<\/p>\n<p>2007<\/p>\n<p>Diplomarbeit Dipl.\u2013Ing. (FH) Architektur an der FH Bochum<\/p>\n<p>(Wettbewerb) Erweiterung Asplund Bibliothek<\/p>\n<p>Stockholm, Schweden bei Prof. Gernot Schulz<\/p>\n<p>2006<\/p>\n<p>B\u00fcrogr\u00fcndung Planungsb\u00fcro ART2B Architectonics GbR<\/p>\n","protected":false},"excerpt":{"rendered":"<p>Zusatzqualifikation : Energieeffizienz-Planer-in: Wohngeb\u00e4ude Energieberater Wohngeb\u00e4ude (Akademie Bayerische Architektenkammer) Energieberater (Vor-Ort-Beratung) durch das Bundesamt f\u00fcr Ausfuhr- und Wirtschaftskontrolle (BAFA) sowie Antragsberechtigung bei F\u00f6rderprogrammen der Kreditanstalt f\u00fcr Wideraufbau (KfW- Effizienzh\u00e4user 2020 Vita Kristin Noichl-Scheyer Dipl.-Ing. (FH) Architektin BYAK 190.270 2018 Kammereintrag Bayerische Architektenkammer 190.270 2014-2018 Mitglied (ohne Stimmrecht) im Gestaltungsbeirat der Stadt Bochum 2013 B\u00fcrogr\u00fcndung Architekturb\u00fcro &hellip; <\/p>\n<p class=\"link-more\"><a href=\"https:\/\/art2b.info\/index.php\/wir-ueber-uns\/vita\/\" class=\"more-link\"><span class=\"screen-reader-text\">\u201eVita\u201c <\/span>weiterlesen<\/a><\/p>\n","protected":false},"author":1,"featured_media":0,"parent":69,"menu_order":0,"comment_status":"closed","ping_status":"closed","template":"","meta":{"pgc_sgb_lightbox_settings":"","footnotes":""},"class_list":["post-38","page","type-page","status-publish","hentry"],"_links":{"self":[{"href":"https:\/\/art2b.info\/index.php\/wp-json\/wp\/v2\/pages\/38","targetHints":{"allow":["GET"]}}],"collection":[{"href":"https:\/\/art2b.info\/index.php\/wp-json\/wp\/v2\/pages"}],"about":[{"href":"https:\/\/art2b.info\/index.php\/wp-json\/wp\/v2\/types\/page"}],"author":[{"embeddable":true,"href":"https:\/\/art2b.info\/index.php\/wp-json\/wp\/v2\/users\/1"}],"replies":[{"embeddable":true,"href":"https:\/\/art2b.info\/index.php\/wp-json\/wp\/v2\/comments?post=38"}],"version-history":[{"count":7,"href":"https:\/\/art2b.info\/index.php\/wp-json\/wp\/v2\/pages\/38\/revisions"}],"predecessor-version":[{"id":1747,"href":"https:\/\/art2b.info\/index.php\/wp-json\/wp\/v2\/pages\/38\/revisions\/1747"}],"up":[{"embeddable":true,"href":"https:\/\/art2b.info\/index.php\/wp-json\/wp\/v2\/pages\/69"}],"wp:attachment":[{"href":"https:\/\/art2b.info\/index.php\/wp-json\/wp\/v2\/media?parent=38"}],"curies":[{"name":"wp","href":"https:\/\/api.w.org\/{rel}","templated":true}]}}