{"id":4597,"date":"2025-09-23T13:30:49","date_gmt":"2025-09-23T13:30:49","guid":{"rendered":"https:\/\/art2b.info\/?page_id=4597"},"modified":"2025-09-23T14:15:35","modified_gmt":"2025-09-23T14:15:35","slug":"dgstg","status":"publish","type":"page","link":"https:\/\/art2b.info\/index.php\/leistungen\/dgstg\/","title":{"rendered":"Doppelhaus ISY f\u00fcr Ismaning by Art2B Architekturb\u00fcro"},"content":{"rendered":"<p><strong>1Wir erstellen Ihre Planung virtuell und entwurfsbegleitend in 3-D,<br \/>\ndamit Sie schon bald in ihr virtuelles Traumhaus einziehen k\u00f6nnen.<\/strong><\/p>\n<p>Mehr Details gew\u00fcnscht.\u00a0 Dann rufen Sie uns an oder schreiben uns eine E-Mail zur Kontaktaufnahme. Gerne melden wir uns bei Ihnen zur\u00fcck.<\/p>\n<p>Da Bauen Vertrauenssache ist, m\u00f6chten wir Sie gerne in einem unverbindlichen Erstgespr\u00e4ch Kennenlernen.<\/p>\n<p>Wir erstellen dann Ihre individuelle Planung, passend f\u00fcr Ihr bebautes und unbebautes Grundst\u00fcck.<\/p>\n<p>Falls gew\u00fcnscht kommen wir auch gerne nach vorheriger Absprache zu Ihnen nach Hause.\u00a0 Bei Geb\u00e4uden im Bestand ist dies besonders von Vorteil. Wir freuen uns auf Ihre Anfrage.<\/p>\n<p>Ihr Art2B Architekturb\u00fcro Ismaning, f\u00fcr M\u00fcnchen und Bayern<br \/>\nIhre Diplom-Ingenieurin (FH) Kristin Noichl-Scheyer Architektin<br \/>\nMitglied in der Bayerische Architektenkammer 190.270<br \/>\nEnergieeffizienz Expertin<\/p>\n<p><strong><span style=\"text-decoration: underline;\">ART2B&#8220;INFO<\/span>&#8222;<\/strong>: <strong>&#8222;Architektur&#8220; nur mit Architekt-in<\/strong>. <em>Wo werbewirksam Architektur draufsteht, soll auch Architektur drin sein. Und das k\u00f6nnen nur Architekten gew\u00e4hrleisten, also solche in die Architektenliste eingetragene Personen. So entschied erfreulich klar k\u00fcrzlich auch ein hohes Gericht.&#8220;\u00a0<\/em><\/p>\n<p>(Quelle: Text hier auszugsweise aus DAB 01.20 Deutsches Architektenblatt von Sinah Marx)<\/p>\n<p>Bei R\u00fcckfragen stehen wir gerne f\u00fcr Sie zur Verf\u00fcgung per E-Mail: info@art2b.info<\/p>\n<p>\u00dcber den nachfolgenden LINK finden Sie Ihre Architektin\/ ihren Architekten aus Bayern<\/p>\n<p><a href=\"https:\/\/www.byak.de\/planen-und-bauen\/architektensuche.html\">https:\/\/www.byak.de\/planen-und-bauen\/architektensuche.html<\/a><\/p>\n","protected":false},"excerpt":{"rendered":"<p>1Wir erstellen Ihre Planung virtuell und entwurfsbegleitend in 3-D, damit Sie schon bald in ihr virtuelles Traumhaus einziehen k\u00f6nnen. Mehr Details gew\u00fcnscht.\u00a0 Dann rufen Sie uns an oder schreiben uns eine E-Mail zur Kontaktaufnahme. Gerne melden wir uns bei Ihnen zur\u00fcck. Da Bauen Vertrauenssache ist, m\u00f6chten wir Sie gerne in einem unverbindlichen Erstgespr\u00e4ch Kennenlernen. Wir &hellip; <\/p>\n<p class=\"link-more\"><a href=\"https:\/\/art2b.info\/index.php\/leistungen\/dgstg\/\" class=\"more-link\"><span class=\"screen-reader-text\">\u201eDoppelhaus ISY f\u00fcr Ismaning by Art2B Architekturb\u00fcro\u201c <\/span>weiterlesen<\/a><\/p>\n","protected":false},"author":1,"featured_media":0,"parent":4607,"menu_order":1,"comment_status":"closed","ping_status":"closed","template":"","meta":{"pgc_sgb_lightbox_settings":"","footnotes":""},"class_list":["post-4597","page","type-page","status-publish","hentry"],"_links":{"self":[{"href":"https:\/\/art2b.info\/index.php\/wp-json\/wp\/v2\/pages\/4597","targetHints":{"allow":["GET"]}}],"collection":[{"href":"https:\/\/art2b.info\/index.php\/wp-json\/wp\/v2\/pages"}],"about":[{"href":"https:\/\/art2b.info\/index.php\/wp-json\/wp\/v2\/types\/page"}],"author":[{"embeddable":true,"href":"https:\/\/art2b.info\/index.php\/wp-json\/wp\/v2\/users\/1"}],"replies":[{"embeddable":true,"href":"https:\/\/art2b.info\/index.php\/wp-json\/wp\/v2\/comments?post=4597"}],"version-history":[{"count":4,"href":"https:\/\/art2b.info\/index.php\/wp-json\/wp\/v2\/pages\/4597\/revisions"}],"predecessor-version":[{"id":4624,"href":"https:\/\/art2b.info\/index.php\/wp-json\/wp\/v2\/pages\/4597\/revisions\/4624"}],"up":[{"embeddable":true,"href":"https:\/\/art2b.info\/index.php\/wp-json\/wp\/v2\/pages\/4607"}],"wp:attachment":[{"href":"https:\/\/art2b.info\/index.php\/wp-json\/wp\/v2\/media?parent=4597"}],"curies":[{"name":"wp","href":"https:\/\/api.w.org\/{rel}","templated":true}]}}